{"id":429,"date":"2024-09-03T13:55:50","date_gmt":"2024-09-03T11:55:50","guid":{"rendered":"https:\/\/piscinedebernardfagne.be\/?page_id=429"},"modified":"2024-09-03T14:07:22","modified_gmt":"2024-09-03T12:07:22","slug":"la-cafeteriat","status":"publish","type":"page","link":"https:\/\/piscinedebernardfagne.be\/index.php\/la-cafeteriat\/","title":{"rendered":"La Caf\u00e9t\u00e9ria"},"content":{"rendered":"<div id=\"pl-gb429-69e43cacdd72e\"  class=\"panel-layout\" ><div id=\"pg-gb429-69e43cacdd72e-0\"  class=\"panel-grid panel-no-style\" ><div id=\"pgc-gb429-69e43cacdd72e-0-0\"  class=\"panel-grid-cell\" ><div id=\"panel-gb429-69e43cacdd72e-0-0-0\" class=\"so-panel widget widget_sow-image panel-first-child panel-last-child\" data-index=\"0\" ><div\n\t\t\t\n\t\t\tclass=\"so-widget-sow-image so-widget-sow-image-default-8b5b6f678277-429\"\n\t\t\t\n\t\t>\n<div class=\"sow-image-container\">\n\t\t<img \n\tsrc=\"https:\/\/piscinedebernardfagne.be\/wp-content\/uploads\/2024\/09\/PhilippeFreddy3-jobistes.jpg\" width=\"693\" height=\"540\" srcset=\"https:\/\/piscinedebernardfagne.be\/wp-content\/uploads\/2024\/09\/PhilippeFreddy3-jobistes.jpg 693w, https:\/\/piscinedebernardfagne.be\/wp-content\/uploads\/2024\/09\/PhilippeFreddy3-jobistes-300x234.jpg 300w\" sizes=\"(max-width: 693px) 100vw, 693px\" title=\"Philippe+Freddy+3 jobistes\" alt=\"\" \t\tclass=\"so-widget-image\"\/>\n\t<\/div>\n\n<\/div><\/div><\/div><div id=\"pgc-gb429-69e43cacdd72e-0-1\"  class=\"panel-grid-cell\" ><div id=\"panel-gb429-69e43cacdd72e-0-1-0\" class=\"so-panel widget widget_sow-editor panel-first-child panel-last-child\" data-index=\"1\" ><div\n\t\t\t\n\t\t\tclass=\"so-widget-sow-editor so-widget-sow-editor-base\"\n\t\t\t\n\t\t>\n<div class=\"siteorigin-widget-tinymce textwidget\">\n\t<p>Profitez de notre caf\u00e9taria avec vue sur le bassin.<\/p>\n<p>Un wifi gratuit est accessible.<\/p>\n<\/div>\n<\/div><\/div><\/div><\/div><div id=\"pg-gb429-69e43cacdd72e-1\"  class=\"panel-grid panel-no-style\" ><div id=\"pgc-gb429-69e43cacdd72e-1-0\"  class=\"panel-grid-cell\" ><div id=\"panel-gb429-69e43cacdd72e-1-0-0\" class=\"so-panel widget widget_sow-editor panel-first-child panel-last-child\" data-index=\"2\" ><div\n\t\t\t\n\t\t\tclass=\"so-widget-sow-editor so-widget-sow-editor-base\"\n\t\t\t\n\t\t><h3 class=\"widget-title\">Horaires<\/h3>\n<div class=\"siteorigin-widget-tinymce textwidget\">\n\t<p><strong>Lundi<\/strong> : de 12h \u00e0 15h &#8211; de 17h \u00e0 20h<\/p>\n<p><strong>Mardi<\/strong> : de 12h \u00e0 15h &#8211; de 17h \u00e0 20h<\/p>\n<p><strong>Mercredi<\/strong> : de 14h \u00e0 20h<\/p>\n<p><strong>Jeudi<\/strong> : de 12h \u00e0 15h &#8211; de 17h \u00e0 20h<\/p>\n<p><strong>Vendredi<\/strong> : de 17h \u00e0 20h<\/p>\n<p><em>Ferm\u00e9 le samedi et le dimanche.<\/em><\/p>\n<\/div>\n<\/div><\/div><\/div><div id=\"pgc-gb429-69e43cacdd72e-1-1\"  class=\"panel-grid-cell\" ><div id=\"panel-gb429-69e43cacdd72e-1-1-0\" class=\"so-panel widget widget_sow-image panel-first-child panel-last-child\" data-index=\"3\" ><div\n\t\t\t\n\t\t\tclass=\"so-widget-sow-image so-widget-sow-image-default-8b5b6f678277-429\"\n\t\t\t\n\t\t>\n<div class=\"sow-image-container\">\n\t\t<img \n\tsrc=\"https:\/\/piscinedebernardfagne.be\/wp-content\/uploads\/2024\/09\/IMG-20240526-WA0000.jpg\" width=\"1225\" height=\"919\" srcset=\"https:\/\/piscinedebernardfagne.be\/wp-content\/uploads\/2024\/09\/IMG-20240526-WA0000.jpg 1225w, https:\/\/piscinedebernardfagne.be\/wp-content\/uploads\/2024\/09\/IMG-20240526-WA0000-300x225.jpg 300w, https:\/\/piscinedebernardfagne.be\/wp-content\/uploads\/2024\/09\/IMG-20240526-WA0000-1024x768.jpg 1024w, https:\/\/piscinedebernardfagne.be\/wp-content\/uploads\/2024\/09\/IMG-20240526-WA0000-768x576.jpg 768w\" sizes=\"(max-width: 1225px) 100vw, 1225px\" alt=\"\" \t\tclass=\"so-widget-image\"\/>\n\t<\/div>\n\n<\/div><\/div><\/div><\/div><div id=\"pg-gb429-69e43cacdd72e-2\"  class=\"panel-grid panel-no-style\" ><div id=\"pgc-gb429-69e43cacdd72e-2-0\"  class=\"panel-grid-cell\" ><div id=\"panel-gb429-69e43cacdd72e-2-0-0\" class=\"so-panel widget widget_sow-image panel-first-child panel-last-child\" data-index=\"4\" ><div\n\t\t\t\n\t\t\tclass=\"so-widget-sow-image so-widget-sow-image-default-8b5b6f678277-429\"\n\t\t\t\n\t\t>\n<div class=\"sow-image-container\">\n\t\t<img \n\tsrc=\"https:\/\/piscinedebernardfagne.be\/wp-content\/uploads\/2024\/09\/BF-Tarifs-Ecran-VS.jpg\" width=\"1634\" height=\"919\" srcset=\"https:\/\/piscinedebernardfagne.be\/wp-content\/uploads\/2024\/09\/BF-Tarifs-Ecran-VS.jpg 1634w, https:\/\/piscinedebernardfagne.be\/wp-content\/uploads\/2024\/09\/BF-Tarifs-Ecran-VS-300x169.jpg 300w, https:\/\/piscinedebernardfagne.be\/wp-content\/uploads\/2024\/09\/BF-Tarifs-Ecran-VS-1024x576.jpg 1024w, https:\/\/piscinedebernardfagne.be\/wp-content\/uploads\/2024\/09\/BF-Tarifs-Ecran-VS-768x432.jpg 768w, https:\/\/piscinedebernardfagne.be\/wp-content\/uploads\/2024\/09\/BF-Tarifs-Ecran-VS-1536x864.jpg 1536w\" sizes=\"(max-width: 1634px) 100vw, 1634px\" alt=\"\" \t\tclass=\"so-widget-image\"\/>\n\t<\/div>\n\n<\/div><\/div><\/div><\/div><\/div>","protected":false},"excerpt":{"rendered":"<p>Profitez de notre caf\u00e9taria avec vue sur le bassin. Un wifi gratuit est accessible. Lundi : de 12h \u00e0 15h &#8211; de 17h \u00e0 20h Mardi : de 12h \u00e0 15h &#8211; de 17h \u00e0 20h Mercredi : de 14h \u00e0 20h Jeudi : de 12h \u00e0 15h &#8211; de 17h \u00e0 20h Vendredi : [&hellip;]<\/p>\n","protected":false},"author":1,"featured_media":0,"parent":0,"menu_order":0,"comment_status":"closed","ping_status":"closed","template":"","meta":{"footnotes":""},"class_list":["post-429","page","type-page","status-publish","hentry","post"],"_links":{"self":[{"href":"https:\/\/piscinedebernardfagne.be\/index.php\/wp-json\/wp\/v2\/pages\/429","targetHints":{"allow":["GET"]}}],"collection":[{"href":"https:\/\/piscinedebernardfagne.be\/index.php\/wp-json\/wp\/v2\/pages"}],"about":[{"href":"https:\/\/piscinedebernardfagne.be\/index.php\/wp-json\/wp\/v2\/types\/page"}],"author":[{"embeddable":true,"href":"https:\/\/piscinedebernardfagne.be\/index.php\/wp-json\/wp\/v2\/users\/1"}],"replies":[{"embeddable":true,"href":"https:\/\/piscinedebernardfagne.be\/index.php\/wp-json\/wp\/v2\/comments?post=429"}],"version-history":[{"count":7,"href":"https:\/\/piscinedebernardfagne.be\/index.php\/wp-json\/wp\/v2\/pages\/429\/revisions"}],"predecessor-version":[{"id":443,"href":"https:\/\/piscinedebernardfagne.be\/index.php\/wp-json\/wp\/v2\/pages\/429\/revisions\/443"}],"wp:attachment":[{"href":"https:\/\/piscinedebernardfagne.be\/index.php\/wp-json\/wp\/v2\/media?parent=429"}],"curies":[{"name":"wp","href":"https:\/\/api.w.org\/{rel}","templated":true}]}}