{"id":413,"date":"2024-07-18T11:18:52","date_gmt":"2024-07-18T09:18:52","guid":{"rendered":"https:\/\/piscinedebernardfagne.be\/?page_id=413"},"modified":"2024-07-18T11:29:26","modified_gmt":"2024-07-18T09:29:26","slug":"la-piscine","status":"publish","type":"page","link":"https:\/\/piscinedebernardfagne.be\/index.php\/la-piscine\/","title":{"rendered":"La piscine"},"content":{"rendered":"<div id=\"pl-gb413-69e43c7c782ec\"  class=\"panel-layout\" ><div id=\"pg-gb413-69e43c7c782ec-0\"  class=\"panel-grid panel-no-style\" ><div id=\"pgc-gb413-69e43c7c782ec-0-0\"  class=\"panel-grid-cell\" ><div id=\"panel-gb413-69e43c7c782ec-0-0-0\" class=\"so-panel widget widget_sow-image panel-first-child panel-last-child\" data-index=\"0\" ><div\n\t\t\t\n\t\t\tclass=\"so-widget-sow-image so-widget-sow-image-default-8b5b6f678277-413\"\n\t\t\t\n\t\t>\n<div class=\"sow-image-container\">\n\t\t<img \n\tsrc=\"https:\/\/piscinedebernardfagne.be\/wp-content\/uploads\/2024\/07\/Autocollant-Piscine-Saint-Roch-a-Ferrieres-1.svg\" title=\"Autocollant Piscine Saint-Roch \u00e0 Ferri\u00e8res (1)\" alt=\"\" \t\tclass=\"so-widget-image\"\/>\n\t<\/div>\n\n<\/div><\/div><\/div><div id=\"pgc-gb413-69e43c7c782ec-0-1\"  class=\"panel-grid-cell\" ><div id=\"panel-gb413-69e43c7c782ec-0-1-0\" class=\"so-panel widget widget_sow-editor panel-first-child panel-last-child\" data-index=\"1\" ><div\n\t\t\t\n\t\t\tclass=\"so-widget-sow-editor so-widget-sow-editor-base\"\n\t\t\t\n\t\t>\n<div class=\"siteorigin-widget-tinymce textwidget\">\n\t<p>Un audit au niveau de l&#8217;accessibilit\u00e9 de la piscine a \u00e9t\u00e9 effectu\u00e9.<\/p>\n<p>Les nouvelles installations ont \u00e9t\u00e9 pens\u00e9es pour les personnes \u00e0 d\u00e9ficiences motrices et \u00e0 d\u00e9ficiences sensorielles.<\/p>\n<h4 class=\"asideTitle\" role=\"heading\" aria-level=\"3\">POINTS FORTS<\/h4>\n<section>\n<h5 role=\"heading\" aria-level=\"4\">Personnel<\/h5>\n<ul>\n<li>Il y a du personnel pour orienter et guider.<\/li>\n<\/ul>\n<\/section>\n<section>\n<h5 role=\"heading\" aria-level=\"4\">Signal\u00e9tique<\/h5>\n<ul>\n<li>La signal\u00e9tique permet de se rep\u00e9rer et de s&#8217;orienter facilement.<\/li>\n<\/ul>\n<\/section>\n<section>\n<h5 role=\"heading\" aria-level=\"4\">Stationnement<\/h5>\n<ul>\n<li>Il est possible de d\u00e9poser une personne \u00e0 proximit\u00e9 de l&#8217;entr\u00e9e.<\/li>\n<\/ul>\n<\/section>\n<section>\n<h5 role=\"heading\" aria-level=\"4\">Identification<\/h5>\n<ul>\n<li>Le b\u00e2timent est facile \u00e0 trouver.<\/li>\n<\/ul>\n<\/section>\n<\/div>\n<\/div><\/div><\/div><\/div><div id=\"pg-gb413-69e43c7c782ec-1\"  class=\"panel-grid panel-no-style\" ><div id=\"pgc-gb413-69e43c7c782ec-1-0\"  class=\"panel-grid-cell\" ><div id=\"panel-gb413-69e43c7c782ec-1-0-0\" class=\"so-panel widget widget_sow-image panel-first-child\" data-index=\"2\" ><div\n\t\t\t\n\t\t\tclass=\"so-widget-sow-image so-widget-sow-image-default-c67d20f9f743-413\"\n\t\t\t\n\t\t>\n<div class=\"sow-image-container\">\n\t\t<img \n\tsrc=\"https:\/\/piscinedebernardfagne.be\/wp-content\/uploads\/2024\/07\/explication-visuel.png\" width=\"1280\" height=\"720\" srcset=\"https:\/\/piscinedebernardfagne.be\/wp-content\/uploads\/2024\/07\/explication-visuel.png 1280w, https:\/\/piscinedebernardfagne.be\/wp-content\/uploads\/2024\/07\/explication-visuel-300x169.png 300w, https:\/\/piscinedebernardfagne.be\/wp-content\/uploads\/2024\/07\/explication-visuel-1024x576.png 1024w, https:\/\/piscinedebernardfagne.be\/wp-content\/uploads\/2024\/07\/explication-visuel-768x432.png 768w\" sizes=\"(max-width: 1280px) 100vw, 1280px\" title=\"explication visuel\" alt=\"\" \t\tclass=\"so-widget-image\"\/>\n\t<\/div>\n\n<\/div><\/div><div id=\"panel-gb413-69e43c7c782ec-1-0-1\" class=\"so-panel widget widget_sow-editor panel-last-child\" data-index=\"3\" ><div\n\t\t\t\n\t\t\tclass=\"so-widget-sow-editor so-widget-sow-editor-base\"\n\t\t\t\n\t\t>\n<div class=\"siteorigin-widget-tinymce textwidget\">\n\t<p style=\"text-align: center;\">plus d&#8217;infos : <a href=\"https:\/\/access-i.be\/batiments-sites\/piscine-saint-roch-a-ferrieres\">https:\/\/access-i.be\/batiments-sites\/piscine-saint-roch-a-ferrieres<\/a><\/p>\n<\/div>\n<\/div><\/div><\/div><\/div><\/div>\n\n\n<p><\/p>\n","protected":false},"excerpt":{"rendered":"<p>Un audit au niveau de l&#8217;accessibilit\u00e9 de la piscine a \u00e9t\u00e9 effectu\u00e9. Les nouvelles installations ont \u00e9t\u00e9 pens\u00e9es pour les personnes \u00e0 d\u00e9ficiences motrices et \u00e0 d\u00e9ficiences sensorielles. POINTS FORTS Personnel Il y a du personnel pour orienter et guider. Signal\u00e9tique La signal\u00e9tique permet de se rep\u00e9rer et de s&#8217;orienter facilement. Stationnement Il est possible [&hellip;]<\/p>\n","protected":false},"author":1,"featured_media":0,"parent":0,"menu_order":0,"comment_status":"closed","ping_status":"closed","template":"","meta":{"footnotes":""},"class_list":["post-413","page","type-page","status-publish","hentry","post"],"_links":{"self":[{"href":"https:\/\/piscinedebernardfagne.be\/index.php\/wp-json\/wp\/v2\/pages\/413","targetHints":{"allow":["GET"]}}],"collection":[{"href":"https:\/\/piscinedebernardfagne.be\/index.php\/wp-json\/wp\/v2\/pages"}],"about":[{"href":"https:\/\/piscinedebernardfagne.be\/index.php\/wp-json\/wp\/v2\/types\/page"}],"author":[{"embeddable":true,"href":"https:\/\/piscinedebernardfagne.be\/index.php\/wp-json\/wp\/v2\/users\/1"}],"replies":[{"embeddable":true,"href":"https:\/\/piscinedebernardfagne.be\/index.php\/wp-json\/wp\/v2\/comments?post=413"}],"version-history":[{"count":6,"href":"https:\/\/piscinedebernardfagne.be\/index.php\/wp-json\/wp\/v2\/pages\/413\/revisions"}],"predecessor-version":[{"id":504,"href":"https:\/\/piscinedebernardfagne.be\/index.php\/wp-json\/wp\/v2\/pages\/413\/revisions\/504"}],"wp:attachment":[{"href":"https:\/\/piscinedebernardfagne.be\/index.php\/wp-json\/wp\/v2\/media?parent=413"}],"curies":[{"name":"wp","href":"https:\/\/api.w.org\/{rel}","templated":true}]}}